{"id":29346,"date":"2026-05-05T21:11:46","date_gmt":"2026-05-05T20:11:46","guid":{"rendered":"https:\/\/kitaboun.com\/?page_id=29346"},"modified":"2026-05-12T14:25:13","modified_gmt":"2026-05-12T13:25:13","slug":"promotions","status":"publish","type":"page","link":"https:\/\/kitaboun.com\/ar\/promotions\/","title":{"rendered":"\u0627\u0644\u062a\u062e\u0641\u064a\u0636\u0627\u062a"},"content":{"rendered":"<div data-elementor-type=\"wp-page\" data-elementor-id=\"29346\" class=\"elementor elementor-29346\">\n\t\t\t\t<div class=\"wd-negative-gap elementor-element elementor-element-292bed19 e-flex e-con-boxed e-con e-parent\" data-id=\"292bed19\" data-element_type=\"container\" data-e-type=\"container\">\n\t\t\t\t\t<div class=\"e-con-inner\">\n\t\t\t\t<div class=\"elementor-element elementor-element-a563163 wd-width-100 elementor-widget elementor-widget-wd_title\" data-id=\"a563163\" data-element_type=\"widget\" data-e-type=\"widget\" data-widget_type=\"wd_title.default\">\n\t\t\t\t<div class=\"elementor-widget-container\">\n\t\t\t\t\t\t\t<div class=\"title-wrapper wd-set-mb reset-last-child wd-title-color-primary wd-title-style-default wd-title-size-default text-center\">\n\n\t\t\t\n\t\t\t<div class=\"liner-continer\">\n\t\t\t\t<h4 class=\"woodmart-title-container title wd-fontsize-l wd-underline-bordered\">\u0627\u0633\u062a\u0641\u062f \u0645\u0646 \u0627\u0644\u0639\u0631\u0648\u0636 \u0642\u0628\u0644 \u0627\u0646\u062a\u0647\u0627\u0626\u0647\u0627.<\/h4> \n\t\t\t\t\t\t\t<\/div>\n\n\t\t\t\t\t\t\t<div class=\"title-after_title reset-last-child wd-fontsize-xs\">\n\t\t\t\t\t<p>\u0627\u0643\u062a\u0634\u0641 \u0627\u0644\u0643\u062a\u0628 \u0627\u0644\u0645\u062a\u0648\u0641\u0631\u0629 \u0636\u0645\u0646 \u0627\u0644\u0639\u0631\u0648\u0636\u060c \u0648\u0627\u0644\u0627\u062e\u062a\u064a\u0627\u0631\u0627\u062a \u0627\u0644\u062e\u0627\u0635\u0629\u060c \u0648\u0627\u0644\u062a\u062e\u0641\u064a\u0636\u0627\u062a \u0627\u0644\u0645\u062d\u062f\u0648\u062f\u0629 \u0644\u0641\u062a\u0631\u0629 \u0642\u0635\u064a\u0631\u0629.<\/p>\t\t\t\t<\/div>\n\t\t\t\t\t<\/div>\n\t\t\t\t\t\t<\/div>\n\t\t\t\t<\/div>\n\t\t\t\t<div class=\"elementor-element elementor-element-3393f623 elementor-widget elementor-widget-wd_products_tabs\" data-id=\"3393f623\" data-element_type=\"widget\" data-e-type=\"widget\" data-widget_type=\"wd_products_tabs.default\">\n\t\t\t\t<div class=\"elementor-widget-container\">\n\t\t\t\t\t\t\t<div class=\"wd-tabs wd-products-tabs tabs-design-default\">\n\t\t\t<div class=\"wd-tabs-header text-center\">\n\t\t\t\t\n\t\t\t\t\n\t\t\t\t<div class=\"wd-nav-wrapper wd-nav-tabs-wrapper tabs-navigation-wrapper\">\n\n\t\t\t\t\t<ul class=\"wd-nav wd-nav-tabs products-tabs-title wd-style-underline wd-icon-pos-top\">\n\t\t\t\t\t\t\t\t\t\t\t\t\t\n\t\t\t\t\t\t\t<li data-atts=\"{&quot;layout&quot;:&quot;grid&quot;,&quot;pagination&quot;:&quot;more-btn&quot;,&quot;pagination_arrows_position&quot;:null,&quot;items_per_page&quot;:&quot;10&quot;,&quot;spacing&quot;:&quot;20&quot;,&quot;spacing_tablet&quot;:&quot;&quot;,&quot;spacing_mobile&quot;:&quot;&quot;,&quot;columns&quot;:{&quot;unit&quot;:&quot;px&quot;,&quot;size&quot;:&quot;5&quot;,&quot;sizes&quot;:[]},&quot;products_masonry&quot;:&quot;&quot;,&quot;products_different_sizes&quot;:&quot;&quot;,&quot;product_quantity&quot;:&quot;&quot;,&quot;product_hover&quot;:&quot;inherit&quot;,&quot;sale_countdown&quot;:&quot;0&quot;,&quot;stretch_product_tablet&quot;:0,&quot;stretch_product_mobile&quot;:0,&quot;stock_progress_bar&quot;:&quot;0&quot;,&quot;highlighted_products&quot;:0,&quot;products_divider&quot;:null,&quot;products_bordered_grid&quot;:&quot;0&quot;,&quot;products_bordered_grid_style&quot;:null,&quot;products_with_background&quot;:&quot;0&quot;,&quot;products_shadow&quot;:&quot;0&quot;,&quot;products_color_scheme&quot;:&quot;default&quot;,&quot;img_size&quot;:&quot;large&quot;,&quot;elementor&quot;:true,&quot;columns_tablet&quot;:{&quot;unit&quot;:&quot;px&quot;,&quot;size&quot;:&quot;4&quot;,&quot;sizes&quot;:[]},&quot;columns_mobile&quot;:{&quot;unit&quot;:&quot;px&quot;,&quot;size&quot;:&quot;2&quot;,&quot;sizes&quot;:[]},&quot;sync_parent_id&quot;:null,&quot;slides_per_view&quot;:null,&quot;scroll_per_page&quot;:null,&quot;center_mode&quot;:null,&quot;wrap&quot;:null,&quot;autoheight&quot;:null,&quot;autoplay&quot;:null,&quot;speed&quot;:null,&quot;scroll_carousel_init&quot;:null,&quot;disable_overflow_carousel&quot;:null,&quot;hide_prev_next_buttons&quot;:null,&quot;carousel_arrows_position&quot;:null,&quot;hide_pagination_control&quot;:null,&quot;dynamic_pagination_control&quot;:null,&quot;hide_scrollbar&quot;:null,&quot;carousel_sync&quot;:null,&quot;sync_child_id&quot;:null,&quot;img_size_custom&quot;:null,&quot;stretch_product&quot;:null,&quot;grid_gallery&quot;:&quot;&quot;,&quot;grid_gallery_control&quot;:null,&quot;grid_gallery_enable_arrows&quot;:null,&quot;lazy_loading&quot;:&quot;no&quot;,&quot;orderby&quot;:&quot;post__in&quot;,&quot;post_type&quot;:&quot;sale&quot;,&quot;ajax_recently_viewed&quot;:null,&quot;include&quot;:null,&quot;taxonomies&quot;:&quot;&quot;,&quot;offset&quot;:&quot;&quot;,&quot;query_type&quot;:&quot;OR&quot;,&quot;order&quot;:&quot;&quot;,&quot;hide_out_of_stock&quot;:&quot;no&quot;,&quot;meta_key&quot;:null,&quot;exclude&quot;:&quot;&quot;}\" class=\"wd-active\">\n\t\t\t\t\t\t\t\t<a href=\"#\" class=\"wd-nav-link\">\n\t\t\t\t\t\t\t\t\t\n\t\t\t\t\t\t\t\t\t<span class=\"tab-label nav-link-text\">\n\t\t\t\t\t\t\t\t\t\t\u0627\u0644\u062a\u062e\u0641\u064a\u0636\u0627\u062a\t\t\t\t\t\t\t\t\t<\/span>\n\t\t\t\t\t\t\t\t<\/a>\n\t\t\t\t\t\t\t<\/li>\n\t\t\t\t\t\t\t\t\t\t\t<\/ul>\n\t\t\t\t<\/div>\n\t\t\t<\/div>\n\n\t\t\t\t\t\t\t\t\t\t\t\t<div class=\"wd-tabs-content-wrapper\">\n\t\t\t\t\t<div class=\"wd-sticky-loader\"><span class=\"wd-loader\"><\/span><\/div>\n\t\t\t\t\n\t\t\t\t\t\t\t<div class=\"wd-products-element wd-tab-content wd-active wd-in\">\n\n\t\t\t\n\t\t\t\n\t\t\t\n\t\t\t\n\t\t\t<div class=\"products wd-products pagination-more-btn grid-columns-5 elements-grid title-line-one wd-grid-g wd-stretch-cont-lg wd-stretch-cont-md wd-stretch-cont-sm\" data-paged=\"1\" data-atts=\"{&quot;speed&quot;:null,&quot;slides_per_view&quot;:null,&quot;wrap&quot;:null,&quot;autoplay&quot;:null,&quot;autoheight&quot;:null,&quot;hide_pagination_control&quot;:null,&quot;dynamic_pagination_control&quot;:null,&quot;hide_prev_next_buttons&quot;:null,&quot;carousel_arrows_position&quot;:null,&quot;hide_scrollbar&quot;:null,&quot;scroll_per_page&quot;:null,&quot;center_mode&quot;:null,&quot;post_type&quot;:&quot;sale&quot;,&quot;carousel_sync&quot;:null,&quot;sync_parent_id&quot;:null,&quot;sync_child_id&quot;:null,&quot;scroll_carousel_init&quot;:null,&quot;disable_overflow_carousel&quot;:null,&quot;include&quot;:null,&quot;orderby&quot;:&quot;post__in&quot;,&quot;meta_key&quot;:null,&quot;ajax_recently_viewed&quot;:null,&quot;pagination&quot;:&quot;more-btn&quot;,&quot;pagination_arrows_position&quot;:null,&quot;items_per_page&quot;:&quot;10&quot;,&quot;columns&quot;:{&quot;unit&quot;:&quot;px&quot;,&quot;size&quot;:&quot;5&quot;,&quot;sizes&quot;:[]},&quot;columns_tablet&quot;:{&quot;unit&quot;:&quot;px&quot;,&quot;size&quot;:&quot;4&quot;,&quot;sizes&quot;:[]},&quot;columns_mobile&quot;:{&quot;unit&quot;:&quot;px&quot;,&quot;size&quot;:&quot;2&quot;,&quot;sizes&quot;:[]},&quot;products_masonry&quot;:&quot;&quot;,&quot;products_different_sizes&quot;:&quot;&quot;,&quot;product_quantity&quot;:&quot;&quot;,&quot;sale_countdown&quot;:&quot;0&quot;,&quot;stretch_product&quot;:null,&quot;stock_progress_bar&quot;:&quot;0&quot;,&quot;products_divider&quot;:null,&quot;products_bordered_grid&quot;:&quot;0&quot;,&quot;products_bordered_grid_style&quot;:null,&quot;products_with_background&quot;:&quot;0&quot;,&quot;products_shadow&quot;:&quot;0&quot;,&quot;img_size&quot;:&quot;large&quot;,&quot;img_size_custom&quot;:null,&quot;grid_gallery_control&quot;:null,&quot;grid_gallery_enable_arrows&quot;:null,&quot;force_not_ajax&quot;:&quot;no&quot;,&quot;wrapper_classes&quot;:&quot; wd-tab-content wd-active wd-in&quot;,&quot;elementor&quot;:true}\" data-source=\"shortcode\" data-columns=\"5\" data-grid-gallery=\"{&quot;grid_gallery&quot;:&quot;1&quot;,&quot;grid_gallery_control&quot;:&quot;hover&quot;,&quot;grid_gallery_enable_arrows&quot;:&quot;none&quot;}\" style=\"--wd-col-lg:5;--wd-col-md:4;--wd-col-sm:2;--wd-gap-lg:20px;--wd-gap-sm:10px;\">\n\t\t\n\t\t\t\t\t\t\t\t<div class=\"wd-product wd-with-labels wd-hover-base wd-hover-with-fade wd-col product-grid-item product has-stars product-no-swatches type-product post-361 status-publish instock product_cat-general-books has-post-thumbnail sale shipping-taxable purchasable product-type-simple\" data-loop=\"1\" data-id=\"361\">\n\t\n\t\n<div class=\"product-wrapper\">\n\t<div class=\"content-product-imagin\"><\/div>\n\t<div class=\"product-element-top wd-quick-shop\">\n\t\t<a href=\"https:\/\/kitaboun.com\/ar\/product\/iphone-dock\/\" class=\"product-image-link\" tabindex=\"-1\" aria-label=\"iPhone dock\">\n\t\t\t\t\t<div class=\"wd-product-grid-slider wd-fill\">\n\t\t\t\t\t\t\t<div class=\"wd-product-grid-slide\" data-image-url=\"https:\/\/kitaboun.com\/wp-content\/uploads\/2021\/10\/books-product-1.jpg\" data-image-srcset=\"https:\/\/kitaboun.com\/wp-content\/uploads\/2021\/10\/books-product-1.jpg 430w, https:\/\/kitaboun.com\/wp-content\/uploads\/2021\/10\/books-product-1-150x171.jpg 150w\" data-image-id=\"0\"><\/div>\n\t\t\t\t\t\t\t<div class=\"wd-product-grid-slide\" data-image-url=\"https:\/\/kitaboun.com\/wp-content\/uploads\/2021\/08\/iphone-dock-2.jpg\" data-image-srcset=\"https:\/\/kitaboun.com\/wp-content\/uploads\/2021\/08\/iphone-dock-2.jpg 700w, https:\/\/kitaboun.com\/wp-content\/uploads\/2021\/08\/iphone-dock-2-430x491.jpg 430w, https:\/\/kitaboun.com\/wp-content\/uploads\/2021\/08\/iphone-dock-2-150x171.jpg 150w\" data-image-id=\"1\"><\/div>\n\t\t\t\t\t\t\t<div class=\"wd-product-grid-slide\" data-image-url=\"https:\/\/kitaboun.com\/wp-content\/uploads\/2021\/08\/iphone-dock-3.jpg\" data-image-srcset=\"https:\/\/kitaboun.com\/wp-content\/uploads\/2021\/08\/iphone-dock-3.jpg 700w, https:\/\/kitaboun.com\/wp-content\/uploads\/2021\/08\/iphone-dock-3-430x491.jpg 430w, https:\/\/kitaboun.com\/wp-content\/uploads\/2021\/08\/iphone-dock-3-150x171.jpg 150w\" data-image-id=\"2\"><\/div>\n\t\t\t\t\t\t\t<div class=\"wd-product-grid-slide\" data-image-url=\"https:\/\/kitaboun.com\/wp-content\/uploads\/2021\/08\/iphone-dock-4.jpg\" data-image-srcset=\"https:\/\/kitaboun.com\/wp-content\/uploads\/2021\/08\/iphone-dock-4.jpg 700w, https:\/\/kitaboun.com\/wp-content\/uploads\/2021\/08\/iphone-dock-4-430x491.jpg 430w, https:\/\/kitaboun.com\/wp-content\/uploads\/2021\/08\/iphone-dock-4-150x171.jpg 150w\" data-image-id=\"3\"><\/div>\n\t\t\t\t\t<\/div>\n\n\t\t\n\t\t\t\t<div class=\"product-labels labels-rounded-sm\"><span class=\"onsale product-label\">-13%<\/span><\/div><img loading=\"lazy\" decoding=\"async\" width=\"430\" height=\"491\" src=\"https:\/\/kitaboun.com\/wp-content\/uploads\/2021\/10\/books-product-1.jpg\" class=\"attachment-large size-large\" alt=\"\" srcset=\"https:\/\/kitaboun.com\/wp-content\/uploads\/2021\/10\/books-product-1.jpg 430w, https:\/\/kitaboun.com\/wp-content\/uploads\/2021\/10\/books-product-1-150x171.jpg 150w\" sizes=\"auto, (max-width: 430px) 100vw, 430px\" \/>\t\t<\/a>\n\n\t\t\n\t\t<div class=\"wrapp-swatches\">\t\t<div class=\"wd-product-grid-slider-pagin\">\n\t\t\t\t\t\t\t<div data-image-id=\"0\" class=\"wd-product-grid-slider-dot\"><\/div>\n\t\t\t\t\t\t\t<div data-image-id=\"1\" class=\"wd-product-grid-slider-dot\"><\/div>\n\t\t\t\t\t\t\t<div data-image-id=\"2\" class=\"wd-product-grid-slider-dot\"><\/div>\n\t\t\t\t\t\t\t<div data-image-id=\"3\" class=\"wd-product-grid-slider-dot\"><\/div>\n\t\t\t\t\t<\/div>\n\t\t<\/div>\n\t<\/div>\n\n\t<div class=\"product-element-bottom product-information\">\n\t\t<h3 class=\"wd-entities-title\"><a href=\"https:\/\/kitaboun.com\/ar\/product\/iphone-dock\/\">iPhone dock<\/a><\/h3>\t\t\t\t<div class=\"product-rating-price\">\n\t\t\t<div class=\"wrapp-product-price\">\n\t\t\t\t\n\t<span class=\"price\"><del aria-hidden=\"true\"><span class=\"woocommerce-Price-amount amount\"><bdi><span class=\"woocommerce-Price-currencySymbol\">&#x62f;.&#x62c;<\/span>399<\/bdi><\/span><\/del> <span class=\"screen-reader-text\" data-no-translation=\"\" data-trp-gettext=\"\">\u0627\u0644\u0633\u0639\u0631 \u0627\u0644\u0623\u0635\u0644\u064a \u0647\u0648: &#x62f;.&#x62c;399.<\/span><ins aria-hidden=\"true\"><span class=\"woocommerce-Price-amount amount\"><bdi><span class=\"woocommerce-Price-currencySymbol\">&#x62f;.&#x62c;<\/span>349<\/bdi><\/span><\/ins><span class=\"screen-reader-text\" data-no-translation=\"\" data-trp-gettext=\"\">\u0627\u0644\u0633\u0639\u0631 \u0627\u0644\u062d\u0627\u0644\u064a \u0647\u0648: &#x62f;.&#x62c;349.<\/span><\/span>\n\t\t\t\t\t\t\n\t\t\t\t<div class=\"star-rating\" role=\"img\" aria-label=\"\u062a\u0645 \u0627\u0644\u062a\u0642\u064a\u064a\u0645 4.00 \u0645\u0646 5\" data-no-translation-aria-label=\"\">\n\t\t\t\t\t<span style=\"width:80%\">\n\t\t\t\u062a\u0645 \u0627\u0644\u062a\u0642\u064a\u064a\u0645 <strong class=\"rating\">4.00<\/strong> \u0645\u0646 5\t\t<\/span>\n\t\t\t\t<\/div>\n\n\t\t\n\t\t\t\t\t\t\t<\/div>\n\t\t<\/div>\n\t\t\t\t<div class=\"fade-in-block wd-scroll\">\n\t\t\t<div class=\"hover-content wd-more-desc\">\n\t\t\t\t<div class=\"hover-content-inner wd-more-desc-inner\">\n\t\t\t\t\tConsequat a scelerisque suspendisse vel et eget eu vitae adipiscing nibh scelerisque semper cum adipiscing facilisis adipiscing est accumsan lorem vestibulum.\t\t\t\t<\/div>\n\t\t\t\t<a href=\"#\" rel=\"nofollow\" class=\"wd-more-desc-btn\" aria-label=\"Read more description\"><\/a>\n\t\t\t<\/div>\n\t\t\t<div class=\"wd-bottom-actions\">\n\t\t\t\t<div class=\"wrap-wishlist-button\"><\/div>\n\t\t\t\t<div class=\"wd-add-btn wd-add-btn-replace\">\n\t\t\t\t\t<a href=\"\/ar\/wp-json\/wp\/v2\/pages\/29346?add-to-cart=361\" aria-describedby=\"woocommerce_loop_add_to_cart_link_describedby_361\" data-quantity=\"1\" class=\"button product_type_simple add_to_cart_button ajax_add_to_cart add-to-cart-loop\" data-product_id=\"361\" data-product_sku=\"\" aria-label=\"\u0625\u0636\u0627\u0641\u0629 \u0625\u0644\u0649 \u0639\u0631\u0628\u0629 \u0627\u0644\u062a\u0633\u0648\u0642: &quot;iPhone dock&quot;\" rel=\"nofollow\" data-success_message=\"\u062a\u0645\u062a \u0625\u0636\u0627\u0641\u0629 &quot;iPhone dock&quot; \u0625\u0644\u0649 \u0639\u0631\u0628\u0629 \u0627\u0644\u062a\u0633\u0648\u0642 \u0644\u062f\u064a\u0643\" role=\"button\" data-no-translation-aria-label=\"\" data-no-translation-data-success_message=\"\"><span data-no-translation=\"\" data-trp-gettext=\"\">\u0625\u0636\u0627\u0641\u0629 \u0625\u0644\u0649 \u0627\u0644\u0633\u0644\u0629<\/span><\/a>\t<span id=\"woocommerce_loop_add_to_cart_link_describedby_361\" class=\"screen-reader-text\">\n\t\t\t<\/span>\n\t\t\t\t\t\t\t\t\t\t\t\t\t\t\t\t\t\t\t\t<\/div>\n\t\t\t\t<div class=\"wrap-quickview-button\">\t\t<div class=\"quick-view wd-action-btn wd-style-icon wd-quick-view-icon\">\n\t\t\t<a\n\t\t\t\thref=\"https:\/\/kitaboun.com\/ar\/product\/iphone-dock\/\"\n\t\t\t\tclass=\"open-quick-view quick-view-button\"\n\t\t\t\trel=\"nofollow\"\n\t\t\t\tdata-id=\"361\"\n\t\t\t\t>Quick view<\/a>\n\t\t<\/div>\n\t\t<\/div>\n\t\t\t<\/div>\n\n\t\t\t\t\t\t\n\t\t\t\t\t<\/div>\n\t<\/div>\n<\/div>\n<\/div>\n\t\t\t\t\t\t\t\t<div class=\"wd-product wd-hover-base wd-hover-with-fade wd-col product-grid-item product product-no-swatches type-product post-29371 status-publish instock product_cat-general-books shipping-taxable purchasable product-type-variable\" data-loop=\"2\" data-id=\"29371\">\n\t\n\t\n<div class=\"product-wrapper\">\n\t<div class=\"content-product-imagin\"><\/div>\n\t<div class=\"product-element-top wd-quick-shop\">\n\t\t<a href=\"https:\/\/kitaboun.com\/ar\/product\/tester\/\" class=\"product-image-link\" tabindex=\"-1\" aria-label=\"Tester\">\n\t\t\t<div class=\"product-labels labels-rounded-sm\"><span class=\"new product-label\">New<\/span><\/div><img loading=\"lazy\" decoding=\"async\" width=\"430\" height=\"430\" src=\"https:\/\/kitaboun.com\/wp-content\/uploads\/woocommerce-placeholder-430x430.webp\" class=\"woocommerce-placeholder wp-post-image\" alt=\"\u0639\u0646\u0635\u0631 \u0646\u0627\u0626\u0628 Placeholder\" srcset=\"https:\/\/kitaboun.com\/wp-content\/uploads\/woocommerce-placeholder-430x430.webp 430w, https:\/\/kitaboun.com\/wp-content\/uploads\/woocommerce-placeholder-150x150.webp 150w, https:\/\/kitaboun.com\/wp-content\/uploads\/woocommerce-placeholder-700x700.webp 700w, https:\/\/kitaboun.com\/wp-content\/uploads\/woocommerce-placeholder-300x300.webp 300w, https:\/\/kitaboun.com\/wp-content\/uploads\/woocommerce-placeholder-1024x1024.webp 1024w, https:\/\/kitaboun.com\/wp-content\/uploads\/woocommerce-placeholder-768x768.webp 768w, https:\/\/kitaboun.com\/wp-content\/uploads\/woocommerce-placeholder.webp 1200w\" sizes=\"auto, (max-width: 430px) 100vw, 430px\" data-no-translation-alt=\"\" \/>\t\t<\/a>\n\n\t\t\n\t\t<div class=\"wrapp-swatches\"><\/div>\n\t<\/div>\n\n\t<div class=\"product-element-bottom product-information\">\n\t\t<h3 class=\"wd-entities-title\"><a href=\"https:\/\/kitaboun.com\/ar\/product\/tester\/\">Tester<\/a><\/h3>\t\t\t\t<div class=\"product-rating-price\">\n\t\t\t<div class=\"wrapp-product-price\">\n\t\t\t\t\n\t<span class=\"price\"><span class=\"woocommerce-Price-amount amount\" aria-hidden=\"true\"><bdi><span class=\"woocommerce-Price-currencySymbol\">&#x62f;.&#x62c;<\/span>1,200<\/bdi><\/span> <span aria-hidden=\"true\"> \u2013 <\/span> <span class=\"woocommerce-Price-amount amount\" aria-hidden=\"true\"><bdi><span class=\"woocommerce-Price-currencySymbol\">&#x62f;.&#x62c;<\/span>6,000<\/bdi><\/span><span class=\"screen-reader-text\" data-no-translation=\"\" data-trp-gettext=\"\">\u0646\u0637\u0627\u0642 \u0627\u0644\u0633\u0639\u0631: \u0645\u0646 \u2066&#x62f;.&#x62c;1,200\u2069 \u062e\u0644\u0627\u0644 \u2066&#x62f;.&#x62c;6,000\u2069<\/span><\/span>\n\t\t\t\t\t\t\t<\/div>\n\t\t<\/div>\n\t\t\t\t<div class=\"fade-in-block wd-scroll\">\n\t\t\t<div class=\"hover-content wd-more-desc\">\n\t\t\t\t<div class=\"hover-content-inner wd-more-desc-inner\">\n\t\t\t\t\t\t\t\t\t<\/div>\n\t\t\t\t<a href=\"#\" rel=\"nofollow\" class=\"wd-more-desc-btn\" aria-label=\"Read more description\"><\/a>\n\t\t\t<\/div>\n\t\t\t<div class=\"wd-bottom-actions\">\n\t\t\t\t<div class=\"wrap-wishlist-button\"><\/div>\n\t\t\t\t<div class=\"wd-add-btn wd-add-btn-replace\">\n\t\t\t\t\t<a href=\"https:\/\/kitaboun.com\/ar\/product\/tester\/\" aria-describedby=\"woocommerce_loop_add_to_cart_link_describedby_29371\" data-quantity=\"1\" class=\"button product_type_variable add_to_cart_button add-to-cart-loop\" data-product_id=\"29371\" data-product_sku=\"\" aria-label=\"\u062a\u062d\u062f\u064a\u062f \u0627\u0644\u062e\u064a\u0627\u0631\u0627\u062a \u0644\u0640 &quot;Tester&quot;\" rel=\"nofollow\" data-no-translation-aria-label=\"\"><span data-no-translation=\"\" data-trp-gettext=\"\">\u062a\u062d\u062f\u064a\u062f \u0623\u062d\u062f \u0627\u0644\u062e\u064a\u0627\u0631\u0627\u062a<\/span><\/a>\t<span id=\"woocommerce_loop_add_to_cart_link_describedby_29371\" class=\"screen-reader-text\">\n\t\t\u0647\u0646\u0627\u0643 \u0627\u0644\u0639\u062f\u064a\u062f \u0645\u0646 \u0627\u0644\u0623\u0634\u0643\u0627\u0644 \u0627\u0644\u0645\u062e\u062a\u0644\u0641\u0629 \u0644\u0647\u0630\u0627 \u0627\u0644\u0645\u0646\u062a\u062c. \u064a\u0645\u0643\u0646 \u0627\u062e\u062a\u064a\u0627\u0631 \u0627\u0644\u062e\u064a\u0627\u0631\u0627\u062a \u0639\u0644\u0649 \u0635\u0641\u062d\u0629 \u0627\u0644\u0645\u0646\u062a\u062c\t<\/span>\n\t\t\t\t\t\t\t\t\t\t\t\t\t\t\t\t\t\t\t\t<\/div>\n\t\t\t\t<div class=\"wrap-quickview-button\">\t\t<div class=\"quick-view wd-action-btn wd-style-icon wd-quick-view-icon\">\n\t\t\t<a\n\t\t\t\thref=\"https:\/\/kitaboun.com\/ar\/product\/tester\/\"\n\t\t\t\tclass=\"open-quick-view quick-view-button\"\n\t\t\t\trel=\"nofollow\"\n\t\t\t\tdata-id=\"29371\"\n\t\t\t\t>Quick view<\/a>\n\t\t<\/div>\n\t\t<\/div>\n\t\t\t<\/div>\n\n\t\t\t\t\t\t\n\t\t\t\t\t<\/div>\n\t<\/div>\n<\/div>\n<\/div>\n\t\t\n\t\t\t\t<\/div>\n\t\n\t\t\n\t\t\n\t\t\t\t\t<\/div>\n\t\t\n\t\t\n\t\t\t\t\t<\/div>\n\t\t\t\t\t\t\t\t\t<\/div>\n\t\t\t\t\t\t<\/div>\n\t\t\t\t<\/div>\n\t\t\t\t\t<\/div>\n\t\t\t\t<\/div>\n\t\t\t\t<\/div>","protected":false},"excerpt":{"rendered":"<p>Profitez de nos offres D\u00e9couvrez nos livres en promotion, nos s\u00e9lections sp\u00e9ciales et les offres disponibles pour une dur\u00e9e limit\u00e9e.<\/p>","protected":false},"author":1,"featured_media":0,"parent":0,"menu_order":0,"comment_status":"closed","ping_status":"closed","template":"","meta":{"footnotes":""},"class_list":["post-29346","page","type-page","status-publish","hentry"],"_links":{"self":[{"href":"https:\/\/kitaboun.com\/ar\/wp-json\/wp\/v2\/pages\/29346","targetHints":{"allow":["GET"]}}],"collection":[{"href":"https:\/\/kitaboun.com\/ar\/wp-json\/wp\/v2\/pages"}],"about":[{"href":"https:\/\/kitaboun.com\/ar\/wp-json\/wp\/v2\/types\/page"}],"author":[{"embeddable":true,"href":"https:\/\/kitaboun.com\/ar\/wp-json\/wp\/v2\/users\/1"}],"replies":[{"embeddable":true,"href":"https:\/\/kitaboun.com\/ar\/wp-json\/wp\/v2\/comments?post=29346"}],"version-history":[{"count":8,"href":"https:\/\/kitaboun.com\/ar\/wp-json\/wp\/v2\/pages\/29346\/revisions"}],"predecessor-version":[{"id":29383,"href":"https:\/\/kitaboun.com\/ar\/wp-json\/wp\/v2\/pages\/29346\/revisions\/29383"}],"wp:attachment":[{"href":"https:\/\/kitaboun.com\/ar\/wp-json\/wp\/v2\/media?parent=29346"}],"curies":[{"name":"wp","href":"https:\/\/api.w.org\/{rel}","templated":true}]}}